{"id":1179,"date":"2024-11-27T19:36:13","date_gmt":"2024-11-27T19:36:13","guid":{"rendered":"https:\/\/hotandtoxic.com\/noticias\/"},"modified":"2024-12-16T17:09:04","modified_gmt":"2024-12-16T17:09:04","slug":"noticias","status":"publish","type":"page","link":"https:\/\/hotandtoxic.com\/es\/noticias\/","title":{"rendered":"Noticias"},"content":{"rendered":"\t\t<div data-elementor-type=\"wp-page\" data-elementor-id=\"1179\" class=\"elementor elementor-1179 elementor-799\">\n\t\t\t\t<div data-particle_enable=\"false\" data-particle-mobile-disabled=\"false\" class=\"elementor-element elementor-element-8f357cb e-flex e-con-boxed e-con e-parent\" data-id=\"8f357cb\" data-element_type=\"container\" data-e-type=\"container\">\n\t\t\t\t\t<div class=\"e-con-inner\">\n\t\t\t\t<div class=\"elementor-element elementor-element-82a5c1a h1_home elementor-widget elementor-widget-heading\" data-id=\"82a5c1a\" data-element_type=\"widget\" data-e-type=\"widget\" data-widget_type=\"heading.default\">\n\t\t\t\t\t<h1 class=\"elementor-heading-title elementor-size-default\">  Caliente y t\u00f3xico - La realidad t\u00f3xica del gas \"natural<\/h1>\t\t\t\t<\/div>\n\t\t\t\t<div class=\"elementor-element elementor-element-e3342d3 elementor-widget elementor-widget-image\" data-id=\"e3342d3\" data-element_type=\"widget\" data-e-type=\"widget\" data-widget_type=\"image.default\">\n\t\t\t\t\t\t\t\t\t\t\t\t\t\t\t<img fetchpriority=\"high\" decoding=\"async\" width=\"1920\" height=\"900\" src=\"https:\/\/hotandtoxic.com\/wp-content\/uploads\/2024\/11\/stove-2.jpg\" class=\"attachment-full size-full wp-image-1156\" alt=\"\" srcset=\"https:\/\/hotandtoxic.com\/wp-content\/uploads\/2024\/11\/stove-2.jpg 1920w, https:\/\/hotandtoxic.com\/wp-content\/uploads\/2024\/11\/stove-2-300x141.jpg 300w, https:\/\/hotandtoxic.com\/wp-content\/uploads\/2024\/11\/stove-2-1024x480.jpg 1024w, https:\/\/hotandtoxic.com\/wp-content\/uploads\/2024\/11\/stove-2-768x360.jpg 768w, https:\/\/hotandtoxic.com\/wp-content\/uploads\/2024\/11\/stove-2-1536x720.jpg 1536w\" sizes=\"(max-width: 1920px) 100vw, 1920px\" \/>\t\t\t\t\t\t\t\t\t\t\t\t\t\t\t<\/div>\n\t\t\t\t<div class=\"elementor-element elementor-element-94134bf elementor-widget elementor-widget-heading\" data-id=\"94134bf\" data-element_type=\"widget\" data-e-type=\"widget\" data-widget_type=\"heading.default\">\n\t\t\t\t\t<h2 class=\"elementor-heading-title elementor-size-default\">S\u00ed, las cocinas de gas son peligrosas. \u00a1Aseg\u00farate de que sus riesgos para la salud se a\u00f1aden a las etiquetas de advertencia! <\/h2>\t\t\t\t<\/div>\n\t\t\t\t\t<\/div>\n\t\t\t\t<\/div>\n\t\t<div data-particle_enable=\"false\" data-particle-mobile-disabled=\"false\" class=\"elementor-element elementor-element-deeda47 links_drk e-flex e-con-boxed e-con e-parent\" data-id=\"deeda47\" data-element_type=\"container\" data-e-type=\"container\">\n\t\t\t\t\t<div class=\"e-con-inner\">\n\t\t\t\t<div class=\"elementor-element elementor-element-5fbd382 elementor-widget elementor-widget-text-editor\" data-id=\"5fbd382\" data-element_type=\"widget\" data-e-type=\"widget\" data-widget_type=\"text-editor.default\">\n\t\t\t\t\t\t\t\t\t<h3>Ya habr\u00e1s o\u00eddo que el llamado gas \u00abnatural\u00bb es un desastre. En realidad es metano, que est\u00e1 cocinando el clima y contaminando el aire dentro de tu casa, liberando sustancias qu\u00edmicas nocivas que pueden causar asma y s\u00edntomas respiratorios en los ni\u00f1os. <\/h3>\n<p>Desgraciadamente, millones de estadounidenses se sumergen en relaciones a largo plazo con peligrosos aparatos de gas sin que se les advierta de sus perjuicios. Las estufas de gas liberan contaminantes t\u00f3xicos como el benceno cancer\u00edgeno y el di\u00f3xido de nitr\u00f3geno asm\u00e1tico. Y la industria de los combustibles f\u00f3siles conoce las amenazas para la salud de las estufas de gas desde hace d\u00e9cadas, incluso mientras dice al p\u00fablico que el gas es limpio y seguro. La Asociaci\u00f3n Americana del Gas lleg\u00f3 a <a class=\"link-secondary\" href=\"https:\/\/www.npr.org\/2023\/10\/17\/1183551603\/gas-stove-utility-tobacco\" target=\"_blank\" rel=\"noopener\">contratar a expertos de la industria tabacalera<\/a> para socavar la ciencia que demostraba los da\u00f1os de las estufas de gas.   <\/p>\n<p>Por eso \u00abCaliente y T\u00f3xico\u00bb, el mayor esfuerzo para informar y capacitar a los consumidores sobre los peligros del gas metano, pide a <a class=\"link-secondary\" href=\"https:\/\/www.cpsc.gov\/\" target=\"_blank\" rel=\"noopener\">la Comisi\u00f3n para la Seguridad de los Productos de Consumo<\/a> (CPSC) que exija a los fabricantes y minoristas de estufas de gas que coloquen etiquetas de advertencia adecuadas en las estufas de gas. Los consumidores merecen informaci\u00f3n precisa sobre los riesgos para la salud y el medio ambiente asociados a las estufas de gas. Dado que la Comisi\u00f3n se encarga de mantener seguros a los consumidores mediante la retirada de productos y la colocaci\u00f3n de etiquetas de advertencia, es importante que el p\u00fablico comprenda los riesgos para la salud del uso de estufas de gas.  <\/p>\n\t\t\t\t\t\t\t\t<\/div>\n\t\t<div data-particle_enable=\"false\" data-particle-mobile-disabled=\"false\" class=\"elementor-element elementor-element-c59ecbe e-con-full e-flex e-con e-child\" data-id=\"c59ecbe\" data-element_type=\"container\" data-e-type=\"container\">\n\t\t<div data-particle_enable=\"false\" data-particle-mobile-disabled=\"false\" class=\"elementor-element elementor-element-fe9df66 e-con-full e-flex e-con e-child\" data-id=\"fe9df66\" data-element_type=\"container\" data-e-type=\"container\">\n\t\t\t\t<div class=\"elementor-element elementor-element-1391748 elementor-widget__width-initial elementor-widget elementor-widget-image\" data-id=\"1391748\" data-element_type=\"widget\" data-e-type=\"widget\" data-widget_type=\"image.default\">\n\t\t\t\t\t\t\t\t\t\t\t\t\t\t\t<img decoding=\"async\" width=\"800\" height=\"594\" src=\"https:\/\/hotandtoxic.com\/wp-content\/uploads\/2024\/11\/stove-3-1024x760.jpg\" class=\"attachment-large size-large wp-image-1155\" alt=\"\" srcset=\"https:\/\/hotandtoxic.com\/wp-content\/uploads\/2024\/11\/stove-3-1024x760.jpg 1024w, https:\/\/hotandtoxic.com\/wp-content\/uploads\/2024\/11\/stove-3-300x223.jpg 300w, https:\/\/hotandtoxic.com\/wp-content\/uploads\/2024\/11\/stove-3-768x570.jpg 768w, https:\/\/hotandtoxic.com\/wp-content\/uploads\/2024\/11\/stove-3.jpg 1280w\" sizes=\"(max-width: 800px) 100vw, 800px\" \/>\t\t\t\t\t\t\t\t\t\t\t\t\t\t\t<\/div>\n\t\t\t\t<\/div>\n\t\t<div data-particle_enable=\"false\" data-particle-mobile-disabled=\"false\" class=\"elementor-element elementor-element-11752f7 e-con-full e-flex e-con e-child\" data-id=\"11752f7\" data-element_type=\"container\" data-e-type=\"container\">\n\t\t\t\t<div class=\"elementor-element elementor-element-e871e2a elementor-widget elementor-widget-text-editor\" data-id=\"e871e2a\" data-element_type=\"widget\" data-e-type=\"widget\" data-widget_type=\"text-editor.default\">\n\t\t\t\t\t\t\t\t\t<p>De hecho, <a class=\"link-secondary\" href=\"https:\/\/www.gasleaks.org\/gas-stoves-are-dangerous-and-weve-known-it-for-decades\/\" target=\"_blank\" rel=\"noopener\">m\u00e1s de 50 estudios<\/a> que se remontan a la d\u00e9cada de 1970 han documentado que la contaminaci\u00f3n procedente de la combusti\u00f3n del gas contribuye al asma y a las enfermedades respiratorias de los ni\u00f1os. Los estudios demuestran que los ni\u00f1os que crecen en un hogar con una estufa de gas tienen un 42% m\u00e1s de riesgo de desarrollar asma, y que las estufas de gas emiten metano y benceno cancer\u00edgeno, <a class=\"link-secondary\" href=\"https:\/\/www.nytimes.com\/2022\/01\/27\/climate\/gas-stoves-methane-emissions.html\" target=\"_blank\" rel=\"noopener\">incluso cuando est\u00e1n apagadas<\/a>. M\u00e9dicos y cient\u00edficos de la <a class=\"link-secondary\" href=\"https:\/\/pirg.org\/edfund\/updates\/update-american-medical-association-recognizes-health-dangers-gas-stoves\/\" target=\"_blank\" rel=\"noopener\">Asociaci\u00f3n M\u00e9dica Estadounidense<\/a>, la <a class=\"link-secondary\" href=\"https:\/\/www.lung.org\/media\/press-releases\/new-report-details-health-and-environmental-impact#:~:text=Indoor%20exposure%20to%20emissions%20from,living%20with%20asthma%20or%20allergies.\" target=\"_blank\" rel=\"noopener\">Asociaci\u00f3n Pulmonar Estadounidense<\/a> y la <a class=\"link-secondary\" href=\"https:\/\/www.apha.org\/Policies-and-Advocacy\/Public-Health-Policy-Statements\/Policy-Database\/2023\/01\/18\/Gas-Stove-Emissions\" target=\"_blank\" rel=\"noopener\">Asociaci\u00f3n Estadounidense de Salud<\/a> P\u00fablica se han pronunciado sobre estos riesgos para la salud.  <\/p>\n\t\t\t\t\t\t\t\t<\/div>\n\t\t\t\t<\/div>\n\t\t\t\t<\/div>\n\t\t\t\t<div class=\"elementor-element elementor-element-8862c1f elementor-widget elementor-widget-text-editor\" data-id=\"8862c1f\" data-element_type=\"widget\" data-e-type=\"widget\" data-widget_type=\"text-editor.default\">\n\t\t\t\t\t\t\t\t\t<p>La gente merece tener acceso a informaci\u00f3n precisa sobre las repercusiones para la salud de los productos que compra. Al exigir etiquetas en las estufas de gas, la Comisi\u00f3n puede ayudar a capacitar a los consumidores para que tomen decisiones informadas que protejan mejor su salud y el medio ambiente. <strong>No te dejes enga\u00f1ar por las estufas de gas: \u00a1considera la posibilidad de actuar <a class=\"link-secondary\" href=\"https:\/\/hotandtoxic.com\/es\/actua\/\">firmando la petici\u00f3n hoy mismo<\/a>!<\/strong> <\/p>\n\t\t\t\t\t\t\t\t<\/div>\n\t\t\t\t\t<\/div>\n\t\t\t\t<\/div>\n\t\t<div data-particle_enable=\"false\" data-particle-mobile-disabled=\"false\" class=\"elementor-element elementor-element-097df6b e-flex e-con-boxed e-con e-parent\" data-id=\"097df6b\" data-element_type=\"container\" data-e-type=\"container\">\n\t\t\t\t\t<div class=\"e-con-inner\">\n\t\t\t\t<div class=\"elementor-element elementor-element-dd88127 h1_home elementor-widget elementor-widget-heading\" data-id=\"dd88127\" data-element_type=\"widget\" data-e-type=\"widget\" data-widget_type=\"heading.default\">\n\t\t\t\t\t<h1 class=\"elementor-heading-title elementor-size-default\">  Caliente y t\u00f3xico - La realidad t\u00f3xica del gas \"natural<\/h1>\t\t\t\t<\/div>\n\t\t\t\t<div class=\"elementor-element elementor-element-53114f0 elementor-widget elementor-widget-image\" data-id=\"53114f0\" data-element_type=\"widget\" data-e-type=\"widget\" data-widget_type=\"image.default\">\n\t\t\t\t\t\t\t\t\t\t\t\t\t\t\t<img decoding=\"async\" width=\"1920\" height=\"900\" src=\"https:\/\/hotandtoxic.com\/wp-content\/uploads\/2024\/11\/stove-4.jpg\" class=\"attachment-full size-full wp-image-1154\" alt=\"\" srcset=\"https:\/\/hotandtoxic.com\/wp-content\/uploads\/2024\/11\/stove-4.jpg 1920w, https:\/\/hotandtoxic.com\/wp-content\/uploads\/2024\/11\/stove-4-300x141.jpg 300w, https:\/\/hotandtoxic.com\/wp-content\/uploads\/2024\/11\/stove-4-1024x480.jpg 1024w, https:\/\/hotandtoxic.com\/wp-content\/uploads\/2024\/11\/stove-4-768x360.jpg 768w, https:\/\/hotandtoxic.com\/wp-content\/uploads\/2024\/11\/stove-4-1536x720.jpg 1536w\" sizes=\"(max-width: 1920px) 100vw, 1920px\" \/>\t\t\t\t\t\t\t\t\t\t\t\t\t\t\t<\/div>\n\t\t\t\t<div class=\"elementor-element elementor-element-1add472 elementor-widget elementor-widget-heading\" data-id=\"1add472\" data-element_type=\"widget\" data-e-type=\"widget\" data-widget_type=\"heading.default\">\n\t\t\t\t\t<h2 class=\"elementor-heading-title elementor-size-default\">\u00bfBenceno para desayunar? Un estudio revela que las cocinas de gas producen toxinas relacionadas con el c\u00e1ncer <\/h2>\t\t\t\t<\/div>\n\t\t\t\t\t<\/div>\n\t\t\t\t<\/div>\n\t\t<div data-particle_enable=\"false\" data-particle-mobile-disabled=\"false\" class=\"elementor-element elementor-element-e51a6bc links_drk e-flex e-con-boxed e-con e-parent\" data-id=\"e51a6bc\" data-element_type=\"container\" data-e-type=\"container\">\n\t\t\t\t\t<div class=\"e-con-inner\">\n\t\t\t\t<div class=\"elementor-element elementor-element-69ac488 elementor-widget elementor-widget-text-editor\" data-id=\"69ac488\" data-element_type=\"widget\" data-e-type=\"widget\" data-widget_type=\"text-editor.default\">\n\t\t\t\t\t\t\t\t\t<h3>Sabemos que el gas \u00abnatural\u00bb de millones de hogares estadounidenses es en su mayor parte metano, un potente gas de efecto invernadero que est\u00e1 agravando la crisis clim\u00e1tica. Pero resulta que puede que eso ni siquiera sea lo peor que sale de tu cocina de gas. <\/h3>\n<p>Un <a class=\"link-secondary\" href=\"https:\/\/www.psehealthyenergy.org\/new-research-links-gas-leaks-to-air-pollution\/\" target=\"_blank\" rel=\"noopener\">nuevo estudio<\/a> de investigadores de PSE Healthy Energy ha detectado benceno -un carcin\u00f3geno ampliamente reconocido y relacionado con la leucemia y el linfoma-, as\u00ed como una serie de otras toxinas relacionadas con defectos cong\u00e9nitos y trastornos cognitivos. Se encontr\u00f3 benceno en el 99% de las muestras, que se tomaron en las cocinas de 159 viviendas abastecidas por Pacific Gas and Electric (PG&amp;E), Southern California Gas (SoCalGas) y San Diego Gas and Electric. <\/p>\n\t\t\t\t\t\t\t\t<\/div>\n\t\t<div data-particle_enable=\"false\" data-particle-mobile-disabled=\"false\" class=\"elementor-element elementor-element-380c936 e-con-full e-flex e-con e-child\" data-id=\"380c936\" data-element_type=\"container\" data-e-type=\"container\">\n\t\t<div data-particle_enable=\"false\" data-particle-mobile-disabled=\"false\" class=\"elementor-element elementor-element-9426db8 e-con-full e-flex e-con e-child\" data-id=\"9426db8\" data-element_type=\"container\" data-e-type=\"container\">\n\t\t\t\t<div class=\"elementor-element elementor-element-58e1efe elementor-widget__width-initial elementor-widget elementor-widget-image\" data-id=\"58e1efe\" data-element_type=\"widget\" data-e-type=\"widget\" data-widget_type=\"image.default\">\n\t\t\t\t\t\t\t\t\t\t\t\t\t\t\t<img loading=\"lazy\" decoding=\"async\" width=\"300\" height=\"300\" src=\"https:\/\/hotandtoxic.com\/wp-content\/uploads\/2024\/11\/BE.svg\" class=\"attachment-large size-large wp-image-1129\" alt=\"\" \/>\t\t\t\t\t\t\t\t\t\t\t\t\t\t\t<\/div>\n\t\t\t\t<\/div>\n\t\t<div data-particle_enable=\"false\" data-particle-mobile-disabled=\"false\" class=\"elementor-element elementor-element-1d42f3a e-con-full e-flex e-con e-child\" data-id=\"1d42f3a\" data-element_type=\"container\" data-e-type=\"container\">\n\t\t\t\t<div class=\"elementor-element elementor-element-fc24d77 elementor-widget elementor-widget-text-editor\" data-id=\"fc24d77\" data-element_type=\"widget\" data-e-type=\"widget\" data-widget_type=\"text-editor.default\">\n\t\t\t\t\t\t\t\t\t<p>Sorprendentemente, la investigaci\u00f3n demuestra que ni siquiera hace falta utilizar una cocina de gas para comprometer el aire de nuestros hogares: las cocinas de gas tienen fugas incluso cuando est\u00e1n apagadas. Los investigadores descubrieron que \u00aben ciertos casos, el mero hecho de tener una cocina de gas en la cocina podr\u00eda crear concentraciones de benceno comparables al humo (del tabaco) de segunda mano.\u00bb <\/p>\n<p>Andrea De Vizcaya Ruiz, profesora asociada de salud ambiental y ocupacional de la Universidad de California en Irvine, <a class=\"link-secondary\" href=\"https:\/\/www.nbcnews.com\/health\/health-news\/gas-stoves-leak-benzene-chemicals-linked-cancer-rcna52948\" target=\"_blank\" rel=\"noopener\">declar\u00f3 a NBC News<\/a> que la exposici\u00f3n prolongada al benceno constitu\u00eda una enorme amenaza para la salud. \u00abEs una de las sustancias qu\u00edmicas que inducen m\u00e1s directamente el c\u00e1ncer, porque transforma las c\u00e9lulas de la m\u00e9dula \u00f3sea\u00bb, afirm\u00f3. <\/p>\n\t\t\t\t\t\t\t\t<\/div>\n\t\t\t\t<\/div>\n\t\t\t\t<\/div>\n\t\t\t\t<div class=\"elementor-element elementor-element-111a91e elementor-widget elementor-widget-text-editor\" data-id=\"111a91e\" data-element_type=\"widget\" data-e-type=\"widget\" data-widget_type=\"text-editor.default\">\n\t\t\t\t\t\t\t\t\t<p>\u00c9ste es s\u00f3lo el \u00faltimo de un conjunto creciente de investigaciones que demuestran que introducir un combustible f\u00f3sil explosivo y t\u00f3xico en nuestros hogares es una amenaza para la salud p\u00fablica:<\/p>\n<ul>\n<li>\n<p><a class=\"link-secondary\" href=\"https:\/\/insideclimatenews.org\/news\/28062022\/natural-gas-stove-boston-toxic\/\" target=\"_blank\" rel=\"noopener\">Un estudio realizado en junio<\/a> en hogares de la zona de Boston por la Escuela de Salud P\u00fablica T.H. Chan de Harvard descubri\u00f3 benceno y otras 20 toxinas en el gas de los hogares. Uno de cada 20 hogares encuestados en el estudio ten\u00eda fugas de gas que requer\u00edan un seguimiento por parte de la compa\u00f1\u00eda de gas debido a problemas de salud y seguridad. <\/p>\n<\/li>\n<li>\n<p><a class=\"link-secondary\" href=\"https:\/\/www.npr.org\/2022\/01\/27\/1075874473\/gas-stoves-climate-change-leak-methane#:~:text=Your%20natural%20gas%20cooking%20stove,the%20atmosphere%20nearly%20as%20long\" target=\"_blank\" rel=\"noopener\">Un estudio<\/a> realizado <a class=\"link-secondary\" href=\"https:\/\/www.npr.org\/2022\/01\/27\/1075874473\/gas-stoves-climate-change-leak-methane#:~:text=Your%20natural%20gas%20cooking%20stove,the%20atmosphere%20nearly%20as%20long\" target=\"_blank\" rel=\"noopener\">en enero<\/a> por la Universidad de Stanford descubri\u00f3 que el 80% de las fugas de metano de las cocinas se producen cuando est\u00e1n apagadas. Resulta revelador que el estudio descubriera que la edad y el modelo de la cocina de gas no importaban mucho: analizaron 18 marcas de cocinas de entre 3 y 30 a\u00f1os de antig\u00fcedad y descubrieron que todas ten\u00edan fugas. <\/p>\n<\/li>\n<li>\n<p><a class=\"link-secondary\" href=\"https:\/\/coeh.ph.ucla.edu\/effects-of-residential-gas-appliances-on-indoor-and-outdoor-air-quality-and-public-health-in-california\/\" target=\"_blank\" rel=\"noopener\">Un estudio de abril de 2020<\/a> de la Universidad de California &#8211; Los \u00c1ngeles descubri\u00f3 que utilizar una estufa y un quemador de gas durante aproximadamente una hora produc\u00eda niveles de mon\u00f3xido de carbono y di\u00f3xido de nitr\u00f3geno que ser\u00edan ilegales si se midieran al aire libre.<\/p>\n<\/li>\n<li>\n<p><a class=\"link-secondary\" href=\"https:\/\/slate.com\/technology\/2020\/12\/gas-stoves-hazardous-asthma.html\" target=\"_blank\" rel=\"noopener\">Un an\u00e1lisis<\/a> de <a class=\"link-secondary\" href=\"https:\/\/slate.com\/technology\/2020\/12\/gas-stoves-hazardous-asthma.html\" target=\"_blank\" rel=\"noopener\">2013<\/a> de m\u00e1s de 40 estudios descubri\u00f3 que los ni\u00f1os que crec\u00edan en un hogar con una cocina de gas ten\u00edan un 42% m\u00e1s de riesgo de experimentar s\u00edntomas de asma.<\/p>\n<\/li>\n<\/ul>\n<p>Los resultados no hacen sino aumentar la urgencia de la necesidad de una transici\u00f3n r\u00e1pida a aparatos el\u00e9ctricos m\u00e1s limpios y seguros en nuestros hogares. Estados Unidos dio un paso importante hacia ese objetivo este a\u00f1o con la aprobaci\u00f3n de la Ley de Reducci\u00f3n de la Inflaci\u00f3n (IRA), que inclu\u00eda <a class=\"link-secondary\" href=\"https:\/\/www.rewiringamerica.org\/policy\/inflation-reduction-act\" target=\"_blank\" rel=\"noopener\">una serie de programas<\/a> para ayudar a la gente a abandonar los combustibles f\u00f3siles en sus hogares, entre ellos: <\/p>\n<ul>\n<li>\n<p>Financiaci\u00f3n para ayudar a m\u00e1s de 1 mill\u00f3n de familias con ingresos bajos y medios a cambiar a electrodom\u00e9sticos.<\/p>\n<\/li>\n<li>\n<p>Cr\u00e9ditos fiscales que permiten a las personas deducir de sus impuestos hasta el 30% del coste de las mejoras de sus viviendas.<\/p>\n<\/li>\n<li>\n<p>Financiaci\u00f3n para ayudar a impulsar la fabricaci\u00f3n nacional de bombas de calor el\u00e9ctricas, que tienen una gran demanda en estos momentos.<\/p>\n<\/li>\n<\/ul>\n<p>Pero este progreso est\u00e1 en peligro. El New York Times <a class=\"link-secondary\" href=\"https:\/\/www.nytimes.com\/2022\/10\/20\/us\/politics\/oil-gas-gop-midterms.html\" target=\"_blank\" rel=\"noopener\">inform\u00f3 la semana pasada <\/a>de que la Asociaci\u00f3n Americana del Gas -un grupo de presi\u00f3n de la industria del gas <a class=\"link-secondary\" href=\"https:\/\/www.gasleaks.org\/pay-a-gas-bill\/\" target=\"_blank\" rel=\"noopener\">financiado por las empresas de gas con el dinero de sus<\/a> clientes- se est\u00e1 preparando para socavar y hacer retroceder las inversiones en energ\u00edas limpias de la IRA en el pr\u00f3ximo Congreso. Frenar la transici\u00f3n a los aparatos el\u00e9ctricos mantendr\u00eda a millones de estadounidenses atrapados en hogares con aparatos relacionados con el c\u00e1ncer y mientras la industria del gas sigue obteniendo <a class=\"link-secondary\" href=\"https:\/\/www.gasleaks.org\/were-all-feeling-the-high-price-of-natural-gas\/\" target=\"_blank\" rel=\"noopener\"> beneficios r\u00e9cord para sus inversores <\/a>.  <\/p>\n\t\t\t\t\t\t\t\t<\/div>\n\t\t\t\t\t<\/div>\n\t\t\t\t<\/div>\n\t\t\t\t<\/div>\n\t\t","protected":false},"excerpt":{"rendered":"<p>Caliente y t\u00f3xico &#8211; La realidad t\u00f3xica del gas \u00abnatural S\u00ed, las cocinas de gas son peligrosas. \u00a1Aseg\u00farate de que sus riesgos para la salud se a\u00f1aden a las etiquetas de advertencia! Ya habr\u00e1s o\u00eddo que el llamado gas \u00abnatural\u00bb es un desastre. En realidad es metano, que est\u00e1 cocinando el clima y contaminando el [&hellip;]<\/p>\n","protected":false},"author":1,"featured_media":0,"parent":0,"menu_order":0,"comment_status":"closed","ping_status":"closed","template":"elementor_header_footer","meta":{"footnotes":""},"class_list":["post-1179","page","type-page","status-publish","hentry"],"_links":{"self":[{"href":"https:\/\/hotandtoxic.com\/es\/wp-json\/wp\/v2\/pages\/1179","targetHints":{"allow":["GET"]}}],"collection":[{"href":"https:\/\/hotandtoxic.com\/es\/wp-json\/wp\/v2\/pages"}],"about":[{"href":"https:\/\/hotandtoxic.com\/es\/wp-json\/wp\/v2\/types\/page"}],"author":[{"embeddable":true,"href":"https:\/\/hotandtoxic.com\/es\/wp-json\/wp\/v2\/users\/1"}],"replies":[{"embeddable":true,"href":"https:\/\/hotandtoxic.com\/es\/wp-json\/wp\/v2\/comments?post=1179"}],"version-history":[{"count":0,"href":"https:\/\/hotandtoxic.com\/es\/wp-json\/wp\/v2\/pages\/1179\/revisions"}],"wp:attachment":[{"href":"https:\/\/hotandtoxic.com\/es\/wp-json\/wp\/v2\/media?parent=1179"}],"curies":[{"name":"wp","href":"https:\/\/api.w.org\/{rel}","templated":true}]}}