{"id":1169,"date":"2024-11-27T20:10:43","date_gmt":"2024-11-27T20:10:43","guid":{"rendered":"https:\/\/hotandtoxic.com\/que-puedo-hacer\/"},"modified":"2024-12-13T17:47:19","modified_gmt":"2024-12-13T17:47:19","slug":"que-puedo-hacer","status":"publish","type":"page","link":"https:\/\/hotandtoxic.com\/es\/que-puedo-hacer\/","title":{"rendered":"\u00bfQu\u00e9 puedo hacer?"},"content":{"rendered":"\t\t<div data-elementor-type=\"wp-page\" data-elementor-id=\"1169\" class=\"elementor elementor-1169 elementor-843\">\n\t\t\t\t<div data-particle_enable=\"false\" data-particle-mobile-disabled=\"false\" class=\"elementor-element elementor-element-35c50f1 e-con-full e-flex e-con e-parent\" data-id=\"35c50f1\" data-element_type=\"container\" data-e-type=\"container\">\n\t\t<div data-particle_enable=\"false\" data-particle-mobile-disabled=\"false\" class=\"elementor-element elementor-element-f217a05 e-flex e-con-boxed e-con e-child\" data-id=\"f217a05\" data-element_type=\"container\" data-e-type=\"container\" data-settings=\"{&quot;background_background&quot;:&quot;classic&quot;}\">\n\t\t\t\t\t<div class=\"e-con-inner\">\n\t\t\t\t<div class=\"elementor-element elementor-element-9158416 elementor-widget elementor-widget-heading\" data-id=\"9158416\" data-element_type=\"widget\" data-e-type=\"widget\" data-widget_type=\"heading.default\">\n\t\t\t\t\t<h1 class=\"elementor-heading-title elementor-size-default\">\u00bfQu\u00e9 puedo hacer?<\/h1>\t\t\t\t<\/div>\n\t\t\t\t<div class=\"elementor-element elementor-element-9866eda elementor-widget elementor-widget-text-editor\" data-id=\"9866eda\" data-element_type=\"widget\" data-e-type=\"widget\" data-widget_type=\"text-editor.default\">\n\t\t\t\t\t\t\t\t\t<p>Gracias a la recientemente aprobada Ley de Reducci\u00f3n de la Inflaci\u00f3n, hay una serie de cr\u00e9ditos fiscales y reembolsos que pueden ayudarte a compensar los costes iniciales de cambiar a electrodom\u00e9sticos el\u00e9ctricos. Pero sabemos que no todo el mundo est\u00e1 en condiciones de hacer ese cambio inmediatamente. M\u00e1s abajo encontrar\u00e1s una serie de acciones que puedes emprender.<\/p>\n\t\t\t\t\t\t\t\t<\/div>\n\t\t<div data-particle_enable=\"false\" data-particle-mobile-disabled=\"false\" class=\"elementor-element elementor-element-434f577 e-con-full facts_section e-flex e-con e-child\" data-id=\"434f577\" data-element_type=\"container\" data-e-type=\"container\">\n\t\t<div data-particle_enable=\"false\" data-particle-mobile-disabled=\"false\" class=\"elementor-element elementor-element-9ce370c e-con-full e-flex e-con e-child\" data-id=\"9ce370c\" data-element_type=\"container\" data-e-type=\"container\">\n\t\t\t\t<div class=\"elementor-element elementor-element-4d2444c elementor-widget elementor-widget-image\" data-id=\"4d2444c\" data-element_type=\"widget\" data-e-type=\"widget\" data-widget_type=\"image.default\">\n\t\t\t\t\t\t\t\t\t\t\t\t\t\t\t<img fetchpriority=\"high\" decoding=\"async\" width=\"800\" height=\"460\" src=\"https:\/\/hotandtoxic.com\/wp-content\/uploads\/2024\/11\/info-01-1.jpg\" class=\"attachment-large size-large wp-image-1160\" alt=\"\" srcset=\"https:\/\/hotandtoxic.com\/wp-content\/uploads\/2024\/11\/info-01-1.jpg 1016w, https:\/\/hotandtoxic.com\/wp-content\/uploads\/2024\/11\/info-01-1-300x172.jpg 300w, https:\/\/hotandtoxic.com\/wp-content\/uploads\/2024\/11\/info-01-1-768x441.jpg 768w\" sizes=\"(max-width: 800px) 100vw, 800px\" \/>\t\t\t\t\t\t\t\t\t\t\t\t\t\t\t<\/div>\n\t\t\t\t<\/div>\n\t\t<div data-particle_enable=\"false\" data-particle-mobile-disabled=\"false\" class=\"elementor-element elementor-element-7f6f872 e-con-full e-flex e-con e-child\" data-id=\"7f6f872\" data-element_type=\"container\" data-e-type=\"container\">\n\t\t\t\t<div class=\"elementor-element elementor-element-e654e26 elementor-widget elementor-widget-heading\" data-id=\"e654e26\" data-element_type=\"widget\" data-e-type=\"widget\" data-widget_type=\"heading.default\">\n\t\t\t\t\t<h3 class=\"elementor-heading-title elementor-size-default\">\u00a1Abre una ventana y utiliza el ventilador!<\/h3>\t\t\t\t<\/div>\n\t\t\t\t<div class=\"elementor-element elementor-element-a71f9f0 elementor-widget elementor-widget-text-editor\" data-id=\"a71f9f0\" data-element_type=\"widget\" data-e-type=\"widget\" data-widget_type=\"text-editor.default\">\n\t\t\t\t\t\t\t\t\t<p>Las cocinas de gas liberan contaminantes t\u00f3xicos en el aire de tu cocina. El primer paso es sacarlos lo antes posible. Si puedes, abre una ventana para aumentar la circulaci\u00f3n de aire en la cocina.<\/p>\n<p>Si tu cocina dispone de ventilador, util\u00edzalo siempre. No es una soluci\u00f3n perfecta, ya que muchas viviendas est\u00e1n construidas con respiraderos que recirculan el aire hacia las paredes u otras partes de la casa. Pero cada poco de aire fresco ayuda.<\/p>\n\t\t\t\t\t\t\t\t<\/div>\n\t\t\t\t<\/div>\n\t\t\t\t<\/div>\n\t\t<div data-particle_enable=\"false\" data-particle-mobile-disabled=\"false\" class=\"elementor-element elementor-element-34f9fca e-con-full facts_section e-flex e-con e-child\" data-id=\"34f9fca\" data-element_type=\"container\" data-e-type=\"container\">\n\t\t<div data-particle_enable=\"false\" data-particle-mobile-disabled=\"false\" class=\"elementor-element elementor-element-b2bced9 e-con-full e-flex e-con e-child\" data-id=\"b2bced9\" data-element_type=\"container\" data-e-type=\"container\">\n\t\t\t\t<div class=\"elementor-element elementor-element-bb7c867 elementor-widget elementor-widget-image\" data-id=\"bb7c867\" data-element_type=\"widget\" data-e-type=\"widget\" data-widget_type=\"image.default\">\n\t\t\t\t\t\t\t\t\t\t\t\t\t\t\t<img decoding=\"async\" width=\"800\" height=\"460\" src=\"https:\/\/hotandtoxic.com\/wp-content\/uploads\/2024\/11\/info-02-1.jpg\" class=\"attachment-large size-large wp-image-1159\" alt=\"\" srcset=\"https:\/\/hotandtoxic.com\/wp-content\/uploads\/2024\/11\/info-02-1.jpg 1016w, https:\/\/hotandtoxic.com\/wp-content\/uploads\/2024\/11\/info-02-1-300x172.jpg 300w, https:\/\/hotandtoxic.com\/wp-content\/uploads\/2024\/11\/info-02-1-768x441.jpg 768w\" sizes=\"(max-width: 800px) 100vw, 800px\" \/>\t\t\t\t\t\t\t\t\t\t\t\t\t\t\t<\/div>\n\t\t\t\t<\/div>\n\t\t<div data-particle_enable=\"false\" data-particle-mobile-disabled=\"false\" class=\"elementor-element elementor-element-ff5049e e-con-full e-flex e-con e-child\" data-id=\"ff5049e\" data-element_type=\"container\" data-e-type=\"container\">\n\t\t\t\t<div class=\"elementor-element elementor-element-9f1e39b elementor-widget elementor-widget-heading\" data-id=\"9f1e39b\" data-element_type=\"widget\" data-e-type=\"widget\" data-widget_type=\"heading.default\">\n\t\t\t\t\t<h3 class=\"elementor-heading-title elementor-size-default\">Conoce tus electrodom\u00e9sticos<\/h3>\t\t\t\t<\/div>\n\t\t\t\t<div class=\"elementor-element elementor-element-c57b634 elementor-widget elementor-widget-text-editor\" data-id=\"c57b634\" data-element_type=\"widget\" data-e-type=\"widget\" data-widget_type=\"text-editor.default\">\n\t\t\t\t\t\t\t\t\t<p>La mayor\u00eda de nosotros no pensamos dos veces en nuestros electrodom\u00e9sticos, pero podr\u00edan invitar a un compa\u00f1ero t\u00f3xico a nuestras casas. Tu cocina, horno, calentador de agua e incluso tu lavadora y secadora pueden funcionar con gas \u00abnatural\u00bb. T\u00f3mate cinco minutos para comprobar si tus electrodom\u00e9sticos funcionan con electricidad limpia o con metano explosivo y t\u00f3xico.<\/p>\n\t\t\t\t\t\t\t\t<\/div>\n\t\t\t\t<\/div>\n\t\t\t\t<\/div>\n\t\t<div data-particle_enable=\"false\" data-particle-mobile-disabled=\"false\" class=\"elementor-element elementor-element-dc4d5a8 e-con-full facts_section e-flex e-con e-child\" data-id=\"dc4d5a8\" data-element_type=\"container\" data-e-type=\"container\">\n\t\t<div data-particle_enable=\"false\" data-particle-mobile-disabled=\"false\" class=\"elementor-element elementor-element-2a184ba e-con-full e-flex e-con e-child\" data-id=\"2a184ba\" data-element_type=\"container\" data-e-type=\"container\">\n\t\t\t\t<div class=\"elementor-element elementor-element-14e0c3c elementor-widget elementor-widget-image\" data-id=\"14e0c3c\" data-element_type=\"widget\" data-e-type=\"widget\" data-widget_type=\"image.default\">\n\t\t\t\t\t\t\t\t\t\t\t\t\t\t\t<img decoding=\"async\" width=\"1016\" height=\"584\" src=\"https:\/\/hotandtoxic.com\/wp-content\/uploads\/2024\/11\/info-03-1.jpg\" class=\"attachment-full size-full wp-image-1158\" alt=\"\" srcset=\"https:\/\/hotandtoxic.com\/wp-content\/uploads\/2024\/11\/info-03-1.jpg 1016w, https:\/\/hotandtoxic.com\/wp-content\/uploads\/2024\/11\/info-03-1-300x172.jpg 300w, https:\/\/hotandtoxic.com\/wp-content\/uploads\/2024\/11\/info-03-1-768x441.jpg 768w\" sizes=\"(max-width: 1016px) 100vw, 1016px\" \/>\t\t\t\t\t\t\t\t\t\t\t\t\t\t\t<\/div>\n\t\t\t\t<\/div>\n\t\t<div data-particle_enable=\"false\" data-particle-mobile-disabled=\"false\" class=\"elementor-element elementor-element-f9b8138 e-con-full e-flex e-con e-child\" data-id=\"f9b8138\" data-element_type=\"container\" data-e-type=\"container\">\n\t\t\t\t<div class=\"elementor-element elementor-element-2a30bf8 elementor-widget elementor-widget-heading\" data-id=\"2a30bf8\" data-element_type=\"widget\" data-e-type=\"widget\" data-widget_type=\"heading.default\">\n\t\t\t\t\t<h3 class=\"elementor-heading-title elementor-size-default\">Comprar una cocina de inducci\u00f3n de sobremesa<\/h3>\t\t\t\t<\/div>\n\t\t\t\t<div class=\"elementor-element elementor-element-ff4b3c5 elementor-widget elementor-widget-text-editor\" data-id=\"ff4b3c5\" data-element_type=\"widget\" data-e-type=\"widget\" data-widget_type=\"text-editor.default\">\n\t\t\t\t\t\t\t\t\t<p>Aunque sustituir tu cocina de gas por una opci\u00f3n el\u00e9ctrica m\u00e1s limpia, segura y eficiente es la mejor opci\u00f3n, los costes iniciales de los nuevos aparatos pueden ser considerables. Por suerte, ahora hay docenas de placas de cocina el\u00e9ctricas asequibles y port\u00e1tiles que se pueden enchufar a cualquier toma de corriente. Las opciones b\u00e1sicas cuestan <a class=\"link-secondary\" href=\"https:\/\/www.nytimes.com\/wirecutter\/reviews\/best-portable-induction-cooktop\/\" target=\"_blank\" rel=\"noopener\">menos de 100 $<\/a>.<\/p>\n\t\t\t\t\t\t\t\t<\/div>\n\t\t\t\t<\/div>\n\t\t\t\t<\/div>\n\t\t<div data-particle_enable=\"false\" data-particle-mobile-disabled=\"false\" class=\"elementor-element elementor-element-5880ea2 e-con-full facts_section e-flex e-con e-child\" data-id=\"5880ea2\" data-element_type=\"container\" data-e-type=\"container\">\n\t\t<div data-particle_enable=\"false\" data-particle-mobile-disabled=\"false\" class=\"elementor-element elementor-element-dda938c e-con-full e-flex e-con e-child\" data-id=\"dda938c\" data-element_type=\"container\" data-e-type=\"container\">\n\t\t\t\t<div class=\"elementor-element elementor-element-46ea658 elementor-widget elementor-widget-image\" data-id=\"46ea658\" data-element_type=\"widget\" data-e-type=\"widget\" data-widget_type=\"image.default\">\n\t\t\t\t\t\t\t\t\t\t\t\t\t\t\t<img loading=\"lazy\" decoding=\"async\" width=\"768\" height=\"441\" src=\"https:\/\/hotandtoxic.com\/wp-content\/uploads\/2024\/11\/info-04-1-768x441.jpg\" class=\"attachment-medium_large size-medium_large wp-image-1157\" alt=\"\" srcset=\"https:\/\/hotandtoxic.com\/wp-content\/uploads\/2024\/11\/info-04-1-768x441.jpg 768w, https:\/\/hotandtoxic.com\/wp-content\/uploads\/2024\/11\/info-04-1-300x172.jpg 300w, https:\/\/hotandtoxic.com\/wp-content\/uploads\/2024\/11\/info-04-1.jpg 1016w\" sizes=\"(max-width: 768px) 100vw, 768px\" \/>\t\t\t\t\t\t\t\t\t\t\t\t\t\t\t<\/div>\n\t\t\t\t<\/div>\n\t\t<div data-particle_enable=\"false\" data-particle-mobile-disabled=\"false\" class=\"elementor-element elementor-element-ff2020c e-con-full e-flex e-con e-child\" data-id=\"ff2020c\" data-element_type=\"container\" data-e-type=\"container\">\n\t\t\t\t<div class=\"elementor-element elementor-element-3170bd1 elementor-widget elementor-widget-heading\" data-id=\"3170bd1\" data-element_type=\"widget\" data-e-type=\"widget\" data-widget_type=\"heading.default\">\n\t\t\t\t\t<h3 class=\"elementor-heading-title elementor-size-default\">\u00a1Hazte totalmente el\u00e9ctrico!<\/h3>\t\t\t\t<\/div>\n\t\t\t\t<div class=\"elementor-element elementor-element-8fe2c68 elementor-widget elementor-widget-text-editor\" data-id=\"8fe2c68\" data-element_type=\"widget\" data-e-type=\"widget\" data-widget_type=\"text-editor.default\">\n\t\t\t\t\t\t\t\t\t<p>Los electrodom\u00e9sticos modernos hacen todo lo que hacen los de gas, sin necesidad de metano t\u00f3xico en tu casa. Las cocinas de inducci\u00f3n consumen menos energ\u00eda, hierven el agua m\u00e1s r\u00e1pido y son m\u00e1s f\u00e1ciles de limpiar que las de gas. Y las bombas de calor totalmente el\u00e9ctricas reducen las facturas mensuales de energ\u00eda y la contaminaci\u00f3n clim\u00e1tica de tu hogar.  <\/p>\n<p>Aseg\u00farate de aprovechar los cr\u00e9ditos y reembolsos disponibles a trav\u00e9s de la Ley de Reducci\u00f3n de la Inflaci\u00f3n, que incluyen hasta 840 $ para estufas de inducci\u00f3n, 8.000 $ para bombas de calor el\u00e9ctricas y 4.000 $ para mejoras del sistema el\u00e9ctrico de tu casa.<\/p>\n\t\t\t\t\t\t\t\t<\/div>\n\t\t\t\t<\/div>\n\t\t\t\t<\/div>\n\t\t\t\t\t<\/div>\n\t\t\t\t<\/div>\n\t\t\t\t<\/div>\n\t\t\t\t<\/div>\n\t\t","protected":false},"excerpt":{"rendered":"<p>\u00bfQu\u00e9 puedo hacer? Gracias a la recientemente aprobada Ley de Reducci\u00f3n de la Inflaci\u00f3n, hay una serie de cr\u00e9ditos fiscales y reembolsos que pueden ayudarte a compensar los costes iniciales de cambiar a electrodom\u00e9sticos el\u00e9ctricos. Pero sabemos que no todo el mundo est\u00e1 en condiciones de hacer ese cambio inmediatamente. M\u00e1s abajo encontrar\u00e1s una serie [&hellip;]<\/p>\n","protected":false},"author":1,"featured_media":0,"parent":0,"menu_order":0,"comment_status":"closed","ping_status":"closed","template":"elementor_header_footer","meta":{"footnotes":""},"class_list":["post-1169","page","type-page","status-publish","hentry"],"_links":{"self":[{"href":"https:\/\/hotandtoxic.com\/es\/wp-json\/wp\/v2\/pages\/1169","targetHints":{"allow":["GET"]}}],"collection":[{"href":"https:\/\/hotandtoxic.com\/es\/wp-json\/wp\/v2\/pages"}],"about":[{"href":"https:\/\/hotandtoxic.com\/es\/wp-json\/wp\/v2\/types\/page"}],"author":[{"embeddable":true,"href":"https:\/\/hotandtoxic.com\/es\/wp-json\/wp\/v2\/users\/1"}],"replies":[{"embeddable":true,"href":"https:\/\/hotandtoxic.com\/es\/wp-json\/wp\/v2\/comments?post=1169"}],"version-history":[{"count":0,"href":"https:\/\/hotandtoxic.com\/es\/wp-json\/wp\/v2\/pages\/1169\/revisions"}],"wp:attachment":[{"href":"https:\/\/hotandtoxic.com\/es\/wp-json\/wp\/v2\/media?parent=1169"}],"curies":[{"name":"wp","href":"https:\/\/api.w.org\/{rel}","templated":true}]}}